{"id":4159,"date":"2023-10-15T15:18:40","date_gmt":"2023-10-15T08:18:40","guid":{"rendered":"https:\/\/hhtiles.com\/?page_id=4159"},"modified":"2023-10-16T00:23:56","modified_gmt":"2023-10-15T17:23:56","slug":"blog","status":"publish","type":"page","link":"https:\/\/hhtiles.com\/vi\/blog\/","title":{"rendered":"Blog"},"content":{"rendered":"<div data-elementor-type=\"wp-page\" data-elementor-id=\"4159\" class=\"elementor elementor-4159\">\n\t\t\t\t\t\t<section class=\"elementor-section elementor-top-section elementor-element elementor-element-f1f663 elementor-section-content-middle elementor-reverse-mobile elementor-section-boxed elementor-section-height-default elementor-section-height-default\" data-id=\"f1f663\" data-element_type=\"section\">\n\t\t\t\t\t\t<div class=\"elementor-container elementor-column-gap-no\">\n\t\t\t\t\t<div class=\"elementor-column elementor-col-50 elementor-top-column elementor-element elementor-element-25fe4c19\" data-id=\"25fe4c19\" data-element_type=\"column\">\n\t\t\t<div class=\"elementor-widget-wrap elementor-element-populated\">\n\t\t\t\t\t\t<div class=\"elementor-element elementor-element-23d3b0f elementor-widget elementor-widget-heading\" data-id=\"23d3b0f\" data-element_type=\"widget\" data-widget_type=\"heading.default\">\n\t\t\t\t<div class=\"elementor-widget-container\">\n\t\t\t\t\t<h3 class=\"elementor-heading-title elementor-size-medium\">G\u1ea1ch xi m\u0103ng b\u00f4ng: M\u1ed9t l\u1ef1a ch\u1ecdn tuy\u1ec7t v\u1eddi cho nh\u00e0 c\u1ee7a b\u1ea1n<\/h3>\t\t\t\t<\/div>\n\t\t\t\t<\/div>\n\t\t\t\t<div class=\"elementor-element elementor-element-52fcebe elementor-widget elementor-widget-text-editor\" data-id=\"52fcebe\" data-element_type=\"widget\" data-widget_type=\"text-editor.default\">\n\t\t\t\t<div class=\"elementor-widget-container\">\n\t\t\t\t\t\t\t\t\t<p>G\u1ea1ch b\u00f4ng l\u00e0 m\u1ed9t lo\u1ea1i g\u1ea1ch t\u1ef1 nhi\u00ean \u0111\u01b0\u1ee3c s\u1eed d\u1ee5ng r\u1ed9ng r\u00e3i trong ng\u00e0nh x\u00e2y d\u1ef1ng. V\u1edbi \u0111\u1eb7c t\u00ednh ch\u1ed1ng th\u1ea5m n\u01b0\u1edbc v\u00e0 kh\u1ea3 n\u0103ng ch\u1ecbu l\u1ef1c t\u1ed1t, g\u1ea1ch b\u00f4ng l\u00e0 v\u1eadt li\u1ec7u l\u00fd t\u01b0\u1edfng cho vi\u1ec7c x\u00e2y d\u1ef1ng c\u00e1c c\u00f4ng tr\u00ecnh nh\u01b0 nh\u00e0 \u1edf, c\u1ea7u \u0111\u01b0\u1eddng v\u00e0 c\u00f4ng tr\u00ecnh c\u00f4ng c\u1ed9ng.<\/p>\t\t\t\t\t\t\t\t<\/div>\n\t\t\t\t<\/div>\n\t\t\t\t<div class=\"elementor-element elementor-element-78f38321 elementor-button-info e-transform elementor-widget elementor-widget-button\" data-id=\"78f38321\" data-element_type=\"widget\" data-settings=\"{&quot;_transform_scale_effect_hover&quot;:{&quot;unit&quot;:&quot;px&quot;,&quot;size&quot;:&quot;&quot;,&quot;sizes&quot;:[]},&quot;_transform_scale_effect_hover_tablet&quot;:{&quot;unit&quot;:&quot;px&quot;,&quot;size&quot;:&quot;&quot;,&quot;sizes&quot;:[]},&quot;_transform_scale_effect_hover_mobile&quot;:{&quot;unit&quot;:&quot;px&quot;,&quot;size&quot;:&quot;&quot;,&quot;sizes&quot;:[]}}\" data-widget_type=\"button.default\">\n\t\t\t\t<div class=\"elementor-widget-container\">\n\t\t\t\t\t\t\t\t\t<div class=\"elementor-button-wrapper\">\n\t\t\t\t\t<a class=\"elementor-button elementor-button-link elementor-size-sm elementor-animation-grow\" href=\"https:\/\/hhtiles.com\/vi\/encaustic-cement-tile-agreat-choice-for-your-house\/\">\n\t\t\t\t\t\t<span class=\"elementor-button-content-wrapper\">\n\t\t\t\t\t\t\t\t\t<span class=\"elementor-button-text\">Xem th\u00eam<\/span>\n\t\t\t\t\t<\/span>\n\t\t\t\t\t<\/a>\n\t\t\t\t<\/div>\n\t\t\t\t\t\t\t\t<\/div>\n\t\t\t\t<\/div>\n\t\t\t\t\t<\/div>\n\t\t<\/div>\n\t\t\t\t<div class=\"elementor-column elementor-col-50 elementor-top-column elementor-element elementor-element-165db100\" data-id=\"165db100\" data-element_type=\"column\">\n\t\t\t<div class=\"elementor-widget-wrap elementor-element-populated\">\n\t\t\t\t\t\t<div class=\"elementor-element elementor-element-4d7676dd elementor-widget elementor-widget-image\" data-id=\"4d7676dd\" data-element_type=\"widget\" data-widget_type=\"image.default\">\n\t\t\t\t<div class=\"elementor-widget-container\">\n\t\t\t\t\t\t\t\t\t\t\t\t\t\t\t<img fetchpriority=\"high\" decoding=\"async\" width=\"300\" height=\"300\" src=\"https:\/\/hhtiles.com\/wp-content\/uploads\/2023\/07\/HH20-180-1-LG-300x300.jpg\" class=\"attachment-medium size-medium wp-image-4154\" alt=\"\" srcset=\"https:\/\/hhtiles.com\/wp-content\/uploads\/2023\/07\/HH20-180-1-LG-300x300.jpg 300w, https:\/\/hhtiles.com\/wp-content\/uploads\/2023\/07\/HH20-180-1-LG-1024x1024.jpg 1024w, https:\/\/hhtiles.com\/wp-content\/uploads\/2023\/07\/HH20-180-1-LG-150x150.jpg 150w, https:\/\/hhtiles.com\/wp-content\/uploads\/2023\/07\/HH20-180-1-LG-768x768.jpg 768w, https:\/\/hhtiles.com\/wp-content\/uploads\/2023\/07\/HH20-180-1-LG-12x12.jpg 12w, https:\/\/hhtiles.com\/wp-content\/uploads\/2023\/07\/HH20-180-1-LG-400x400.jpg 400w, https:\/\/hhtiles.com\/wp-content\/uploads\/2023\/07\/HH20-180-1-LG-600x600.jpg 600w, https:\/\/hhtiles.com\/wp-content\/uploads\/2023\/07\/HH20-180-1-LG-100x100.jpg 100w, https:\/\/hhtiles.com\/wp-content\/uploads\/2023\/07\/HH20-180-1-LG.jpg 1100w\" sizes=\"(max-width: 300px) 100vw, 300px\" \/>\t\t\t\t\t\t\t\t\t\t\t\t\t\t\t<\/div>\n\t\t\t\t<\/div>\n\t\t\t\t\t<\/div>\n\t\t<\/div>\n\t\t\t\t\t<\/div>\n\t\t<\/section>\n\t\t\t\t<\/div>","protected":false},"excerpt":{"rendered":"<p>Encaustic Cement Tile: A great choice for your house Encaustic cement tiles are a type of natural brick widely used in the construction industry. With waterproof properties and good bearing capacity, encaustic tiles are an ideal material for the construction of projects such as houses, bridges, roads and public buildings Read More<\/p>","protected":false},"author":3,"featured_media":0,"parent":0,"menu_order":0,"comment_status":"closed","ping_status":"closed","template":"","meta":{"footnotes":""},"class_list":["post-4159","page","type-page","status-publish","hentry"],"yoast_head":"<!-- This site is optimized with the Yoast SEO plugin v21.1 - https:\/\/yoast.com\/wordpress\/plugins\/seo\/ -->\n<title>Blog - HoangHai Cement Tiles<\/title>\n<meta name=\"robots\" content=\"index, follow, max-snippet:-1, max-image-preview:large, max-video-preview:-1\" \/>\n<link rel=\"canonical\" href=\"http:\/\/hhtiles.com\/vi\/blog\/\" \/>\n<meta property=\"og:locale\" content=\"vi_VN\" \/>\n<meta property=\"og:type\" content=\"article\" \/>\n<meta property=\"og:title\" content=\"Blog - HoangHai Cement Tiles\" \/>\n<meta property=\"og:description\" content=\"Encaustic Cement Tile: A great choice for your house Encaustic cement tiles are a type of natural brick widely used in the construction industry. With waterproof properties and good bearing capacity, encaustic tiles are an ideal material for the construction of projects such as houses, bridges, roads and public buildings Read More\" \/>\n<meta property=\"og:url\" content=\"http:\/\/hhtiles.com\/vi\/blog\/\" \/>\n<meta property=\"og:site_name\" content=\"HoangHai Cement Tiles\" \/>\n<meta property=\"article:modified_time\" content=\"2023-10-15T17:23:56+00:00\" \/>\n<meta property=\"og:image\" content=\"http:\/\/hhtiles.com\/wp-content\/uploads\/2023\/07\/HH20-180-1-LG-300x300.jpg\" \/>\n<meta name=\"twitter:card\" content=\"summary_large_image\" \/>\n<meta name=\"twitter:label1\" content=\"\u01af\u1edbc t\u00ednh th\u1eddi gian \u0111\u1ecdc\" \/>\n\t<meta name=\"twitter:data1\" content=\"1 ph\u00fat\" \/>\n<script type=\"application\/ld+json\" class=\"yoast-schema-graph\">{\"@context\":\"https:\/\/schema.org\",\"@graph\":[{\"@type\":\"WebPage\",\"@id\":\"http:\/\/hhtiles.com\/blog\/\",\"url\":\"http:\/\/hhtiles.com\/blog\/\",\"name\":\"Blog - HoangHai Cement Tiles\",\"isPartOf\":{\"@id\":\"http:\/\/hhtiles.com\/#website\"},\"datePublished\":\"2023-10-15T08:18:40+00:00\",\"dateModified\":\"2023-10-15T17:23:56+00:00\",\"breadcrumb\":{\"@id\":\"http:\/\/hhtiles.com\/blog\/#breadcrumb\"},\"inLanguage\":\"vi\",\"potentialAction\":[{\"@type\":\"ReadAction\",\"target\":[\"http:\/\/hhtiles.com\/blog\/\"]}]},{\"@type\":\"BreadcrumbList\",\"@id\":\"http:\/\/hhtiles.com\/blog\/#breadcrumb\",\"itemListElement\":[{\"@type\":\"ListItem\",\"position\":1,\"name\":\"Home\",\"item\":\"http:\/\/hhtiles.com\/\"},{\"@type\":\"ListItem\",\"position\":2,\"name\":\"Blog\"}]},{\"@type\":\"WebSite\",\"@id\":\"http:\/\/hhtiles.com\/#website\",\"url\":\"http:\/\/hhtiles.com\/\",\"name\":\"HoangHai Cement Tiles\",\"description\":\"One Tile One Lifespan\",\"publisher\":{\"@id\":\"http:\/\/hhtiles.com\/#organization\"},\"potentialAction\":[{\"@type\":\"SearchAction\",\"target\":{\"@type\":\"EntryPoint\",\"urlTemplate\":\"http:\/\/hhtiles.com\/?s={search_term_string}\"},\"query-input\":\"required name=search_term_string\"}],\"inLanguage\":\"vi\"},{\"@type\":\"Organization\",\"@id\":\"http:\/\/hhtiles.com\/#organization\",\"name\":\"HoangHai Cement Tiles\",\"url\":\"http:\/\/hhtiles.com\/\",\"logo\":{\"@type\":\"ImageObject\",\"inLanguage\":\"vi\",\"@id\":\"http:\/\/hhtiles.com\/#\/schema\/logo\/image\/\",\"url\":\"https:\/\/hhtiles.com\/wp-content\/uploads\/2021\/01\/Logo-Hoang-Hai-3.png\",\"contentUrl\":\"https:\/\/hhtiles.com\/wp-content\/uploads\/2021\/01\/Logo-Hoang-Hai-3.png\",\"width\":358,\"height\":122,\"caption\":\"HoangHai Cement Tiles\"},\"image\":{\"@id\":\"http:\/\/hhtiles.com\/#\/schema\/logo\/image\/\"}}]}<\/script>\n<!-- \/ Yoast SEO plugin. -->","yoast_head_json":{"title":"Blog - HoangHai Cement Tiles","robots":{"index":"index","follow":"follow","max-snippet":"max-snippet:-1","max-image-preview":"max-image-preview:large","max-video-preview":"max-video-preview:-1"},"canonical":"http:\/\/hhtiles.com\/vi\/blog\/","og_locale":"vi_VN","og_type":"article","og_title":"Blog - HoangHai Cement Tiles","og_description":"Encaustic Cement Tile: A great choice for your house Encaustic cement tiles are a type of natural brick widely used in the construction industry. With waterproof properties and good bearing capacity, encaustic tiles are an ideal material for the construction of projects such as houses, bridges, roads and public buildings Read More","og_url":"http:\/\/hhtiles.com\/vi\/blog\/","og_site_name":"HoangHai Cement Tiles","article_modified_time":"2023-10-15T17:23:56+00:00","og_image":[{"url":"http:\/\/hhtiles.com\/wp-content\/uploads\/2023\/07\/HH20-180-1-LG-300x300.jpg"}],"twitter_card":"summary_large_image","twitter_misc":{"\u01af\u1edbc t\u00ednh th\u1eddi gian \u0111\u1ecdc":"1 ph\u00fat"},"schema":{"@context":"https:\/\/schema.org","@graph":[{"@type":"WebPage","@id":"http:\/\/hhtiles.com\/blog\/","url":"http:\/\/hhtiles.com\/blog\/","name":"Blog - HoangHai Cement Tiles","isPartOf":{"@id":"http:\/\/hhtiles.com\/#website"},"datePublished":"2023-10-15T08:18:40+00:00","dateModified":"2023-10-15T17:23:56+00:00","breadcrumb":{"@id":"http:\/\/hhtiles.com\/blog\/#breadcrumb"},"inLanguage":"vi","potentialAction":[{"@type":"ReadAction","target":["http:\/\/hhtiles.com\/blog\/"]}]},{"@type":"BreadcrumbList","@id":"http:\/\/hhtiles.com\/blog\/#breadcrumb","itemListElement":[{"@type":"ListItem","position":1,"name":"Home","item":"http:\/\/hhtiles.com\/"},{"@type":"ListItem","position":2,"name":"Blog"}]},{"@type":"WebSite","@id":"http:\/\/hhtiles.com\/#website","url":"http:\/\/hhtiles.com\/","name":"HoangHai Cement Tiles","description":"One Tile One Lifespan","publisher":{"@id":"http:\/\/hhtiles.com\/#organization"},"potentialAction":[{"@type":"SearchAction","target":{"@type":"EntryPoint","urlTemplate":"http:\/\/hhtiles.com\/?s={search_term_string}"},"query-input":"required name=search_term_string"}],"inLanguage":"vi"},{"@type":"Organization","@id":"http:\/\/hhtiles.com\/#organization","name":"HoangHai Cement Tiles","url":"http:\/\/hhtiles.com\/","logo":{"@type":"ImageObject","inLanguage":"vi","@id":"http:\/\/hhtiles.com\/#\/schema\/logo\/image\/","url":"https:\/\/hhtiles.com\/wp-content\/uploads\/2021\/01\/Logo-Hoang-Hai-3.png","contentUrl":"https:\/\/hhtiles.com\/wp-content\/uploads\/2021\/01\/Logo-Hoang-Hai-3.png","width":358,"height":122,"caption":"HoangHai Cement Tiles"},"image":{"@id":"http:\/\/hhtiles.com\/#\/schema\/logo\/image\/"}}]}},"_links":{"self":[{"href":"https:\/\/hhtiles.com\/vi\/wp-json\/wp\/v2\/pages\/4159","targetHints":{"allow":["GET"]}}],"collection":[{"href":"https:\/\/hhtiles.com\/vi\/wp-json\/wp\/v2\/pages"}],"about":[{"href":"https:\/\/hhtiles.com\/vi\/wp-json\/wp\/v2\/types\/page"}],"author":[{"embeddable":true,"href":"https:\/\/hhtiles.com\/vi\/wp-json\/wp\/v2\/users\/3"}],"replies":[{"embeddable":true,"href":"https:\/\/hhtiles.com\/vi\/wp-json\/wp\/v2\/comments?post=4159"}],"version-history":[{"count":49,"href":"https:\/\/hhtiles.com\/vi\/wp-json\/wp\/v2\/pages\/4159\/revisions"}],"predecessor-version":[{"id":4239,"href":"https:\/\/hhtiles.com\/vi\/wp-json\/wp\/v2\/pages\/4159\/revisions\/4239"}],"wp:attachment":[{"href":"https:\/\/hhtiles.com\/vi\/wp-json\/wp\/v2\/media?parent=4159"}],"curies":[{"name":"wp","href":"https:\/\/api.w.org\/{rel}","templated":true}]}}