{"id":1783,"date":"2021-04-14T12:29:29","date_gmt":"2021-04-14T05:29:29","guid":{"rendered":"https:\/\/hoanghaicementtiles.vn\/?post_type=product&#038;p=1783"},"modified":"2021-04-14T12:29:57","modified_gmt":"2021-04-14T05:29:57","slug":"hh20-137","status":"publish","type":"product","link":"https:\/\/hhtiles.com\/vi\/catalogue\/20x20\/hh20-137\/","title":{"rendered":"HH20-137"},"content":{"rendered":"<p class=\"translation-block\"><strong>G\u1ea1ch b\u00f4ng th\u1ee7 c\u00f4ng 20x20 <\/strong> l\u00e0 s\u1ea3n ph\u1ea9m ch\u1ee7 l\u1ef1c c\u1ee7a c\u00f4ng ty Ho\u00e0ng H\u1ea3i, \u0111\u00e3 v\u00e0 \u0111ang \u0111\u01b0\u1ee3c tin d\u00f9ng b\u1edfi h\u01a1n 20 qu\u1ed1c gia tr\u00ean kh\u1eafp th\u1ebf gi\u1edbi. M\u1ed7i vi\u00ean g\u1ea1ch l\u00e0 s\u1ef1 k\u1ebft h\u1ee3p \u0111\u1ed9c \u0111\u00e1o gi\u1eefa nh\u1eefng hoa v\u0103n c\u1ed5 \u0111i\u1ec3n c\u00f9ng v\u1edbi k\u1ef9 thu\u1eadt ph\u1ed1i m\u00e0u sang tr\u1ecdng hi\u1ec7n \u0111\u1ea1i, mang l\u1ea1i cho ng\u01b0\u1eddi s\u1eed d\u1ee5ng nh\u1eefng gi\u00e1 tr\u1ecb v\u1ec1 s\u1ef1 \u0111\u1eb3ng c\u1ea5p trong phong c\u00e1ch v\u00e0 t\u00ednh b\u1ec1n b\u1ec9 kh\u00f4ng b\u1ecb hao m\u00f2n theo n\u0103m th\u00e1ng.<\/p>\n<p>Th\u00f4ng s\u1ed1 k\u1ef9 thu\u1eadt:<\/p>\n<ul>\n<li>Chi\u1ec1u d\u00e0i x r\u1ed9ng: 20x20 cm<\/li>\n<li>\u0110\u1ed9 d\u00e0y: 1,5 cm<\/li>\n<li>Tr\u1ecdng l\u01b0\u1ee3ng: 1,3 kg \/ vi\u00ean<\/li>\n<\/ul>","protected":false},"excerpt":{"rendered":"<p>Handmade encaustic cement tile 20&#215;20 is the main product of Hoang Hai company, has been trusted by more than 20 countries around the world. Each tile is a unique combination of classical patterns and modern luxurious color schemes, giving you lasting values of classy style and timeless durability. Technical parameters: Length x width: 20&#215;20 cm &hellip;<\/p>\n<p class=\"read-more\"> <a class=\"\" href=\"https:\/\/hhtiles.com\/vi\/catalogue\/20x20\/hh20-137\/\"> <span class=\"screen-reader-text\">HH20-137<\/span> Read More &raquo;<\/a><\/p>","protected":false},"featured_media":1606,"template":"","meta":[],"product_brand":[],"product_cat":[18],"product_tag":[],"class_list":{"0":"post-1783","1":"product","2":"type-product","3":"status-publish","4":"has-post-thumbnail","6":"product_cat-20x20","8":"first","9":"instock","10":"shipping-taxable","11":"purchasable","12":"product-type-variable","13":"has-default-attributes"},"yoast_head":"<!-- This site is optimized with the Yoast SEO plugin v21.1 - https:\/\/yoast.com\/wordpress\/plugins\/seo\/ -->\n<title>HH20-137 - HoangHai Cement Tiles<\/title>\n<meta name=\"robots\" content=\"index, follow, max-snippet:-1, max-image-preview:large, max-video-preview:-1\" \/>\n<link rel=\"canonical\" href=\"https:\/\/hhtiles.com\/vi\/catalogue\/20x20\/hh20-137\/\" \/>\n<meta property=\"og:locale\" content=\"vi_VN\" \/>\n<meta property=\"og:type\" content=\"article\" \/>\n<meta property=\"og:title\" content=\"HH20-137 - HoangHai Cement Tiles\" \/>\n<meta property=\"og:description\" content=\"Handmade encaustic cement tile 20&#215;20 is the main product of Hoang Hai company, has been trusted by more than 20 countries around the world. Each tile is a unique combination of classical patterns and modern luxurious color schemes, giving you lasting values of classy style and timeless durability. Technical parameters: Length x width: 20&#215;20 cm &hellip; HH20-137 Read More &raquo;\" \/>\n<meta property=\"og:url\" content=\"https:\/\/hhtiles.com\/vi\/catalogue\/20x20\/hh20-137\/\" \/>\n<meta property=\"og:site_name\" content=\"HoangHai Cement Tiles\" \/>\n<meta property=\"article:modified_time\" content=\"2021-04-14T05:29:57+00:00\" \/>\n<meta property=\"og:image\" content=\"https:\/\/hhtiles.com\/wp-content\/uploads\/2021\/04\/137.jpg\" \/>\n\t<meta property=\"og:image:width\" content=\"1100\" \/>\n\t<meta property=\"og:image:height\" content=\"1100\" \/>\n\t<meta property=\"og:image:type\" content=\"image\/jpeg\" \/>\n<meta name=\"twitter:card\" content=\"summary_large_image\" \/>\n<script type=\"application\/ld+json\" class=\"yoast-schema-graph\">{\"@context\":\"https:\/\/schema.org\",\"@graph\":[{\"@type\":\"WebPage\",\"@id\":\"https:\/\/hhtiles.com\/vi\/catalogue\/20x20\/hh20-137\/\",\"url\":\"https:\/\/hhtiles.com\/vi\/catalogue\/20x20\/hh20-137\/\",\"name\":\"HH20-137 - HoangHai Cement Tiles\",\"isPartOf\":{\"@id\":\"http:\/\/hhtiles.com\/#website\"},\"datePublished\":\"2021-04-14T05:29:29+00:00\",\"dateModified\":\"2021-04-14T05:29:57+00:00\",\"breadcrumb\":{\"@id\":\"https:\/\/hhtiles.com\/vi\/catalogue\/20x20\/hh20-137\/#breadcrumb\"},\"inLanguage\":\"vi\",\"potentialAction\":[{\"@type\":\"ReadAction\",\"target\":[\"https:\/\/hhtiles.com\/vi\/catalogue\/20x20\/hh20-137\/\"]}]},{\"@type\":\"BreadcrumbList\",\"@id\":\"https:\/\/hhtiles.com\/vi\/catalogue\/20x20\/hh20-137\/#breadcrumb\",\"itemListElement\":[{\"@type\":\"ListItem\",\"position\":1,\"name\":\"Home\",\"item\":\"http:\/\/hhtiles.com\/\"},{\"@type\":\"ListItem\",\"position\":2,\"name\":\"Shop\",\"item\":\"http:\/\/hhtiles.com\/vi\/shop\/\"},{\"@type\":\"ListItem\",\"position\":3,\"name\":\"HH20-137\"}]},{\"@type\":\"WebSite\",\"@id\":\"http:\/\/hhtiles.com\/#website\",\"url\":\"http:\/\/hhtiles.com\/\",\"name\":\"HoangHai Cement Tiles\",\"description\":\"One Tile One Lifespan\",\"publisher\":{\"@id\":\"http:\/\/hhtiles.com\/#organization\"},\"potentialAction\":[{\"@type\":\"SearchAction\",\"target\":{\"@type\":\"EntryPoint\",\"urlTemplate\":\"http:\/\/hhtiles.com\/?s={search_term_string}\"},\"query-input\":\"required name=search_term_string\"}],\"inLanguage\":\"vi\"},{\"@type\":\"Organization\",\"@id\":\"http:\/\/hhtiles.com\/#organization\",\"name\":\"HoangHai Cement Tiles\",\"url\":\"http:\/\/hhtiles.com\/\",\"logo\":{\"@type\":\"ImageObject\",\"inLanguage\":\"vi\",\"@id\":\"http:\/\/hhtiles.com\/#\/schema\/logo\/image\/\",\"url\":\"https:\/\/hhtiles.com\/wp-content\/uploads\/2021\/01\/Logo-Hoang-Hai-3.png\",\"contentUrl\":\"https:\/\/hhtiles.com\/wp-content\/uploads\/2021\/01\/Logo-Hoang-Hai-3.png\",\"width\":358,\"height\":122,\"caption\":\"HoangHai Cement Tiles\"},\"image\":{\"@id\":\"http:\/\/hhtiles.com\/#\/schema\/logo\/image\/\"}}]}<\/script>\n<!-- \/ Yoast SEO plugin. -->","yoast_head_json":{"title":"HH20-137 - HoangHai Cement Tiles","robots":{"index":"index","follow":"follow","max-snippet":"max-snippet:-1","max-image-preview":"max-image-preview:large","max-video-preview":"max-video-preview:-1"},"canonical":"https:\/\/hhtiles.com\/vi\/catalogue\/20x20\/hh20-137\/","og_locale":"vi_VN","og_type":"article","og_title":"HH20-137 - HoangHai Cement Tiles","og_description":"Handmade encaustic cement tile 20&#215;20 is the main product of Hoang Hai company, has been trusted by more than 20 countries around the world. Each tile is a unique combination of classical patterns and modern luxurious color schemes, giving you lasting values of classy style and timeless durability. Technical parameters: Length x width: 20&#215;20 cm &hellip; HH20-137 Read More &raquo;","og_url":"https:\/\/hhtiles.com\/vi\/catalogue\/20x20\/hh20-137\/","og_site_name":"HoangHai Cement Tiles","article_modified_time":"2021-04-14T05:29:57+00:00","og_image":[{"width":1100,"height":1100,"url":"https:\/\/hhtiles.com\/wp-content\/uploads\/2021\/04\/137.jpg","type":"image\/jpeg"}],"twitter_card":"summary_large_image","schema":{"@context":"https:\/\/schema.org","@graph":[{"@type":"WebPage","@id":"https:\/\/hhtiles.com\/vi\/catalogue\/20x20\/hh20-137\/","url":"https:\/\/hhtiles.com\/vi\/catalogue\/20x20\/hh20-137\/","name":"HH20-137 - HoangHai Cement Tiles","isPartOf":{"@id":"http:\/\/hhtiles.com\/#website"},"datePublished":"2021-04-14T05:29:29+00:00","dateModified":"2021-04-14T05:29:57+00:00","breadcrumb":{"@id":"https:\/\/hhtiles.com\/vi\/catalogue\/20x20\/hh20-137\/#breadcrumb"},"inLanguage":"vi","potentialAction":[{"@type":"ReadAction","target":["https:\/\/hhtiles.com\/vi\/catalogue\/20x20\/hh20-137\/"]}]},{"@type":"BreadcrumbList","@id":"https:\/\/hhtiles.com\/vi\/catalogue\/20x20\/hh20-137\/#breadcrumb","itemListElement":[{"@type":"ListItem","position":1,"name":"Home","item":"http:\/\/hhtiles.com\/"},{"@type":"ListItem","position":2,"name":"Shop","item":"http:\/\/hhtiles.com\/vi\/shop\/"},{"@type":"ListItem","position":3,"name":"HH20-137"}]},{"@type":"WebSite","@id":"http:\/\/hhtiles.com\/#website","url":"http:\/\/hhtiles.com\/","name":"HoangHai Cement Tiles","description":"One Tile One Lifespan","publisher":{"@id":"http:\/\/hhtiles.com\/#organization"},"potentialAction":[{"@type":"SearchAction","target":{"@type":"EntryPoint","urlTemplate":"http:\/\/hhtiles.com\/?s={search_term_string}"},"query-input":"required name=search_term_string"}],"inLanguage":"vi"},{"@type":"Organization","@id":"http:\/\/hhtiles.com\/#organization","name":"HoangHai Cement Tiles","url":"http:\/\/hhtiles.com\/","logo":{"@type":"ImageObject","inLanguage":"vi","@id":"http:\/\/hhtiles.com\/#\/schema\/logo\/image\/","url":"https:\/\/hhtiles.com\/wp-content\/uploads\/2021\/01\/Logo-Hoang-Hai-3.png","contentUrl":"https:\/\/hhtiles.com\/wp-content\/uploads\/2021\/01\/Logo-Hoang-Hai-3.png","width":358,"height":122,"caption":"HoangHai Cement Tiles"},"image":{"@id":"http:\/\/hhtiles.com\/#\/schema\/logo\/image\/"}}]}},"_links":{"self":[{"href":"https:\/\/hhtiles.com\/vi\/wp-json\/wp\/v2\/product\/1783","targetHints":{"allow":["GET"]}}],"collection":[{"href":"https:\/\/hhtiles.com\/vi\/wp-json\/wp\/v2\/product"}],"about":[{"href":"https:\/\/hhtiles.com\/vi\/wp-json\/wp\/v2\/types\/product"}],"wp:featuredmedia":[{"embeddable":true,"href":"https:\/\/hhtiles.com\/vi\/wp-json\/wp\/v2\/media\/1606"}],"wp:attachment":[{"href":"https:\/\/hhtiles.com\/vi\/wp-json\/wp\/v2\/media?parent=1783"}],"wp:term":[{"taxonomy":"product_brand","embeddable":true,"href":"https:\/\/hhtiles.com\/vi\/wp-json\/wp\/v2\/product_brand?post=1783"},{"taxonomy":"product_cat","embeddable":true,"href":"https:\/\/hhtiles.com\/vi\/wp-json\/wp\/v2\/product_cat?post=1783"},{"taxonomy":"product_tag","embeddable":true,"href":"https:\/\/hhtiles.com\/vi\/wp-json\/wp\/v2\/product_tag?post=1783"}],"curies":[{"name":"wp","href":"https:\/\/api.w.org\/{rel}","templated":true}]}}