{"id":2357,"date":"2021-04-17T15:25:08","date_gmt":"2021-04-17T08:25:08","guid":{"rendered":"https:\/\/hoanghaicementtiles.vn\/?post_type=product&#038;p=2357"},"modified":"2025-08-25T09:53:39","modified_gmt":"2025-08-25T02:53:39","slug":"hhot-006","status":"publish","type":"product","link":"https:\/\/hhtiles.com\/vi\/catalogue\/others\/hhot-006\/","title":{"rendered":"HHOT-006"},"content":{"rendered":"<p class=\"translation-block\"><span style=\"color: #000000\">\n<strong>Ho\u00e0ng H\u1ea3i<\/strong> r\u1ea5t t\u00f4n tr\u1ecdng y\u1ebfu t\u1ed1 ngh\u1ec7 thu\u1eadt trong t\u1eebng vi\u00ean g\u1ea1ch, v\u00ec v\u1eady ch\u00fang t\u00f4i kh\u00f4ng h\u1ec1 gi\u1edbi h\u1ea1n n\u0103ng l\u1ef1c s\u1ea3n xu\u1ea5t c\u1ee7a m\u00ecnh \u1edf b\u1ea5t k\u1ef3 lo\u1ea1i s\u1ea3n ph\u1ea9m n\u00e0o, m\u00e0 thay v\u00e0o \u0111\u00f3 ch\u00fang t\u00f4i lu\u00f4n nghi\u00ean c\u1ee9u, ph\u00e1t tri\u1ec3n v\u00e0 t\u00ecm t\u00f2i nh\u1eefng m\u1eabu m\u00e3 m\u1edbi l\u1ea1 \u0111\u1ec3 ph\u1ee5c v\u1ee5 cho nhu c\u1ea7u ri\u00eang bi\u1ec7t c\u1ee7a t\u1ea5t c\u1ea3 kh\u00e1ch h\u00e0ng tr\u00ean th\u1ebf gi\u1edbi. \u0110\u1ebfn v\u1edbi Ho\u00e0ng H\u1ea3i, kh\u00e1ch h\u00e0ng c\u00f3 th\u1ec3 t\u1ef1 do thi\u1ebft k\u1ebf ri\u00eang cho m\u00ecnh nh\u1eefng m\u1eabu m\u00e3 \u0111\u1ed9c \u0111\u00e1o v\u00e0 c\u00e1 t\u00ednh. M\u1ed9t s\u1ed1 lo\u1ea1i g\u1ea1ch \u0111\u00e3 \u0111\u01b0\u1ee3c s\u1ea3n xu\u1ea5t nh\u01b0: g\u1ea1ch 17 x 17 cm, g\u1ea1ch 15 x 15 cm, g\u1ea1ch \u1ed1p t\u01b0\u1eddng c\u1ed5 \u0111i\u1ec3n,\u2026 r\u1ea5t \u0111\u01b0\u1ee3c \u01b0a chu\u1ed9ng s\u1eed d\u1ee5ng trong vi\u1ec7c tr\u00f9ng tu hay x\u00e2y d\u1ef1ng c\u00e1c c\u00f4ng tr\u00ecnh t\u00e2m linh v\u00e0 ho\u00e0ng gia.<\/p>","protected":false},"excerpt":{"rendered":"<p>Hoang Hai always respect the artistic element in every single brick that we made, so we do not limit our production capacity to any type of product, but instead we always research. , develop and explore new models to serve the unique needs of all customers around the world. Coming to Hoang Hai, customers can &hellip;<\/p>\n<p class=\"read-more\"> <a class=\"\" href=\"https:\/\/hhtiles.com\/vi\/catalogue\/others\/hhot-006\/\"> <span class=\"screen-reader-text\">HHOT-006<\/span> Read More &raquo;<\/a><\/p>","protected":false},"featured_media":2332,"template":"","meta":[],"product_brand":[],"product_cat":[16],"product_tag":[],"class_list":{"0":"post-2357","1":"product","2":"type-product","3":"status-publish","4":"has-post-thumbnail","6":"product_cat-others","8":"first","9":"instock","10":"shipping-taxable","11":"purchasable","12":"product-type-variable","13":"has-default-attributes"},"yoast_head":"<!-- This site is optimized with the Yoast SEO plugin v21.1 - https:\/\/yoast.com\/wordpress\/plugins\/seo\/ -->\n<title>HHOT-006 - HoangHai Cement Tiles<\/title>\n<meta name=\"robots\" content=\"index, follow, max-snippet:-1, max-image-preview:large, max-video-preview:-1\" \/>\n<link rel=\"canonical\" href=\"https:\/\/hhtiles.com\/vi\/catalogue\/others\/hhot-006\/\" \/>\n<meta property=\"og:locale\" content=\"vi_VN\" \/>\n<meta property=\"og:type\" content=\"article\" \/>\n<meta property=\"og:title\" content=\"HHOT-006 - HoangHai Cement Tiles\" \/>\n<meta property=\"og:description\" content=\"Hoang Hai always respect the artistic element in every single brick that we made, so we do not limit our production capacity to any type of product, but instead we always research. , develop and explore new models to serve the unique needs of all customers around the world. Coming to Hoang Hai, customers can &hellip; HHOT-006 Read More &raquo;\" \/>\n<meta property=\"og:url\" content=\"https:\/\/hhtiles.com\/vi\/catalogue\/others\/hhot-006\/\" \/>\n<meta property=\"og:site_name\" content=\"HoangHai Cement Tiles\" \/>\n<meta property=\"article:modified_time\" content=\"2025-08-25T02:53:39+00:00\" \/>\n<meta property=\"og:image\" content=\"https:\/\/hhtiles.com\/wp-content\/uploads\/2021\/04\/hhot-006.jpg\" \/>\n\t<meta property=\"og:image:width\" content=\"1100\" \/>\n\t<meta property=\"og:image:height\" content=\"1100\" \/>\n\t<meta property=\"og:image:type\" content=\"image\/jpeg\" \/>\n<meta name=\"twitter:card\" content=\"summary_large_image\" \/>\n<meta name=\"twitter:label1\" content=\"\u01af\u1edbc t\u00ednh th\u1eddi gian \u0111\u1ecdc\" \/>\n\t<meta name=\"twitter:data1\" content=\"1 ph\u00fat\" \/>\n<script type=\"application\/ld+json\" class=\"yoast-schema-graph\">{\"@context\":\"https:\/\/schema.org\",\"@graph\":[{\"@type\":\"WebPage\",\"@id\":\"https:\/\/hhtiles.com\/catalogue\/others\/hhot-006\/\",\"url\":\"https:\/\/hhtiles.com\/catalogue\/others\/hhot-006\/\",\"name\":\"HHOT-006 - HoangHai Cement Tiles\",\"isPartOf\":{\"@id\":\"http:\/\/hhtiles.com\/#website\"},\"datePublished\":\"2021-04-17T08:25:08+00:00\",\"dateModified\":\"2025-08-25T02:53:39+00:00\",\"breadcrumb\":{\"@id\":\"https:\/\/hhtiles.com\/catalogue\/others\/hhot-006\/#breadcrumb\"},\"inLanguage\":\"vi\",\"potentialAction\":[{\"@type\":\"ReadAction\",\"target\":[\"https:\/\/hhtiles.com\/catalogue\/others\/hhot-006\/\"]}]},{\"@type\":\"BreadcrumbList\",\"@id\":\"https:\/\/hhtiles.com\/catalogue\/others\/hhot-006\/#breadcrumb\",\"itemListElement\":[{\"@type\":\"ListItem\",\"position\":1,\"name\":\"Home\",\"item\":\"http:\/\/hhtiles.com\/\"},{\"@type\":\"ListItem\",\"position\":2,\"name\":\"Shop\",\"item\":\"https:\/\/hhtiles.com\/shop\/\"},{\"@type\":\"ListItem\",\"position\":3,\"name\":\"HHOT-006\"}]},{\"@type\":\"WebSite\",\"@id\":\"http:\/\/hhtiles.com\/#website\",\"url\":\"http:\/\/hhtiles.com\/\",\"name\":\"HoangHai Cement Tiles\",\"description\":\"One Tile One Lifespan\",\"publisher\":{\"@id\":\"http:\/\/hhtiles.com\/#organization\"},\"potentialAction\":[{\"@type\":\"SearchAction\",\"target\":{\"@type\":\"EntryPoint\",\"urlTemplate\":\"http:\/\/hhtiles.com\/?s={search_term_string}\"},\"query-input\":\"required name=search_term_string\"}],\"inLanguage\":\"vi\"},{\"@type\":\"Organization\",\"@id\":\"http:\/\/hhtiles.com\/#organization\",\"name\":\"HoangHai Cement Tiles\",\"url\":\"http:\/\/hhtiles.com\/\",\"logo\":{\"@type\":\"ImageObject\",\"inLanguage\":\"vi\",\"@id\":\"http:\/\/hhtiles.com\/#\/schema\/logo\/image\/\",\"url\":\"https:\/\/hhtiles.com\/wp-content\/uploads\/2021\/01\/Logo-Hoang-Hai-3.png\",\"contentUrl\":\"https:\/\/hhtiles.com\/wp-content\/uploads\/2021\/01\/Logo-Hoang-Hai-3.png\",\"width\":358,\"height\":122,\"caption\":\"HoangHai Cement Tiles\"},\"image\":{\"@id\":\"http:\/\/hhtiles.com\/#\/schema\/logo\/image\/\"}}]}<\/script>\n<!-- \/ Yoast SEO plugin. -->","yoast_head_json":{"title":"HHOT-006 - HoangHai Cement Tiles","robots":{"index":"index","follow":"follow","max-snippet":"max-snippet:-1","max-image-preview":"max-image-preview:large","max-video-preview":"max-video-preview:-1"},"canonical":"https:\/\/hhtiles.com\/vi\/catalogue\/others\/hhot-006\/","og_locale":"vi_VN","og_type":"article","og_title":"HHOT-006 - HoangHai Cement Tiles","og_description":"Hoang Hai always respect the artistic element in every single brick that we made, so we do not limit our production capacity to any type of product, but instead we always research. , develop and explore new models to serve the unique needs of all customers around the world. Coming to Hoang Hai, customers can &hellip; HHOT-006 Read More &raquo;","og_url":"https:\/\/hhtiles.com\/vi\/catalogue\/others\/hhot-006\/","og_site_name":"HoangHai Cement Tiles","article_modified_time":"2025-08-25T02:53:39+00:00","og_image":[{"width":1100,"height":1100,"url":"https:\/\/hhtiles.com\/wp-content\/uploads\/2021\/04\/hhot-006.jpg","type":"image\/jpeg"}],"twitter_card":"summary_large_image","twitter_misc":{"\u01af\u1edbc t\u00ednh th\u1eddi gian \u0111\u1ecdc":"1 ph\u00fat"},"schema":{"@context":"https:\/\/schema.org","@graph":[{"@type":"WebPage","@id":"https:\/\/hhtiles.com\/catalogue\/others\/hhot-006\/","url":"https:\/\/hhtiles.com\/catalogue\/others\/hhot-006\/","name":"HHOT-006 - HoangHai Cement Tiles","isPartOf":{"@id":"http:\/\/hhtiles.com\/#website"},"datePublished":"2021-04-17T08:25:08+00:00","dateModified":"2025-08-25T02:53:39+00:00","breadcrumb":{"@id":"https:\/\/hhtiles.com\/catalogue\/others\/hhot-006\/#breadcrumb"},"inLanguage":"vi","potentialAction":[{"@type":"ReadAction","target":["https:\/\/hhtiles.com\/catalogue\/others\/hhot-006\/"]}]},{"@type":"BreadcrumbList","@id":"https:\/\/hhtiles.com\/catalogue\/others\/hhot-006\/#breadcrumb","itemListElement":[{"@type":"ListItem","position":1,"name":"Home","item":"http:\/\/hhtiles.com\/"},{"@type":"ListItem","position":2,"name":"Shop","item":"https:\/\/hhtiles.com\/shop\/"},{"@type":"ListItem","position":3,"name":"HHOT-006"}]},{"@type":"WebSite","@id":"http:\/\/hhtiles.com\/#website","url":"http:\/\/hhtiles.com\/","name":"HoangHai Cement Tiles","description":"One Tile One Lifespan","publisher":{"@id":"http:\/\/hhtiles.com\/#organization"},"potentialAction":[{"@type":"SearchAction","target":{"@type":"EntryPoint","urlTemplate":"http:\/\/hhtiles.com\/?s={search_term_string}"},"query-input":"required name=search_term_string"}],"inLanguage":"vi"},{"@type":"Organization","@id":"http:\/\/hhtiles.com\/#organization","name":"HoangHai Cement Tiles","url":"http:\/\/hhtiles.com\/","logo":{"@type":"ImageObject","inLanguage":"vi","@id":"http:\/\/hhtiles.com\/#\/schema\/logo\/image\/","url":"https:\/\/hhtiles.com\/wp-content\/uploads\/2021\/01\/Logo-Hoang-Hai-3.png","contentUrl":"https:\/\/hhtiles.com\/wp-content\/uploads\/2021\/01\/Logo-Hoang-Hai-3.png","width":358,"height":122,"caption":"HoangHai Cement Tiles"},"image":{"@id":"http:\/\/hhtiles.com\/#\/schema\/logo\/image\/"}}]}},"_links":{"self":[{"href":"https:\/\/hhtiles.com\/vi\/wp-json\/wp\/v2\/product\/2357","targetHints":{"allow":["GET"]}}],"collection":[{"href":"https:\/\/hhtiles.com\/vi\/wp-json\/wp\/v2\/product"}],"about":[{"href":"https:\/\/hhtiles.com\/vi\/wp-json\/wp\/v2\/types\/product"}],"wp:featuredmedia":[{"embeddable":true,"href":"https:\/\/hhtiles.com\/vi\/wp-json\/wp\/v2\/media\/2332"}],"wp:attachment":[{"href":"https:\/\/hhtiles.com\/vi\/wp-json\/wp\/v2\/media?parent=2357"}],"wp:term":[{"taxonomy":"product_brand","embeddable":true,"href":"https:\/\/hhtiles.com\/vi\/wp-json\/wp\/v2\/product_brand?post=2357"},{"taxonomy":"product_cat","embeddable":true,"href":"https:\/\/hhtiles.com\/vi\/wp-json\/wp\/v2\/product_cat?post=2357"},{"taxonomy":"product_tag","embeddable":true,"href":"https:\/\/hhtiles.com\/vi\/wp-json\/wp\/v2\/product_tag?post=2357"}],"curies":[{"name":"wp","href":"https:\/\/api.w.org\/{rel}","templated":true}]}}